{"id":202,"date":"2019-05-17T14:58:37","date_gmt":"2019-05-17T14:58:37","guid":{"rendered":"http:\/\/permahave.dk\/?page_id=202"},"modified":"2019-05-17T15:05:20","modified_gmt":"2019-05-17T15:05:20","slug":"foraar-2019","status":"publish","type":"page","link":"http:\/\/permahave.dk\/?page_id=202","title":{"rendered":"2019"},"content":{"rendered":"<p><img decoding=\"async\" loading=\"lazy\" class=\"alignnone size-medium wp-image-203\" src=\"http:\/\/permahave.dk\/wp-content\/uploads\/2019\/05\/IMG_20190517_164701589_HDR-300x225.jpg\" alt=\"\" width=\"300\" height=\"225\" srcset=\"http:\/\/permahave.dk\/wp-content\/uploads\/2019\/05\/IMG_20190517_164701589_HDR-300x225.jpg 300w, http:\/\/permahave.dk\/wp-content\/uploads\/2019\/05\/IMG_20190517_164701589_HDR-768x576.jpg 768w, http:\/\/permahave.dk\/wp-content\/uploads\/2019\/05\/IMG_20190517_164701589_HDR-1024x768.jpg 1024w\" sizes=\"(max-width: 300px) 100vw, 300px\" \/>For\u00e5ret er allerede ved at v\u00e6re forbi. Vi skifter mellem fler\u00e5rige og et\u00e5rige afgr\u00f8der til at tage fr\u00f8 af. Men vi har altid permakultur og selvforsyning for \u00f8je. Billedet er fra maj 2019. Haven er gr\u00f8n, men endnu ikke s\u00e5 frodig.<\/p>\n<blockquote><p>Vi har haft en del problemer med at holde \u00e6nderne ind, og de spiser alt andet en br\u00e6nden\u00e6lder og tidsler. Og bare rolig. \u00c6nderne forlader omr\u00e5det n\u00e5r der hoppes p\u00e5 trampolinen, men de elsker at ligge under den og slappe af.<\/p><\/blockquote>\n<p>Haven er for hele familien, og vi g\u00e5r sammen p\u00e5 kursus hos Carina Lyall, der hedder: A Wilder Year. Hvor hele familien bruger mere tid i naturen, med at observer, s\u00e5 vi kan lave endnu bedre permahave design, der kan rumme os og naturen i samspil.<\/p>\n<p>&nbsp;<\/p>\n<p>I \u00e5r skal vi bruge endnu mere tid i haven, da jeg er hjemmeg\u00e5ende og har tid til at passe p\u00e5 vores smukke spisekammer.<\/p>\n<p>H\u00e5ber alle f\u00e5r en vidunderlig sommer 2019.<\/p>\n<p>&nbsp;<\/p>\n<p>&nbsp;<\/p>\n","protected":false},"excerpt":{"rendered":"<p>For\u00e5ret er allerede ved at v\u00e6re forbi. Vi skifter mellem fler\u00e5rige og et\u00e5rige afgr\u00f8der til at tage fr\u00f8 af. Men vi har altid permakultur og selvforsyning for \u00f8je. Billedet er fra maj 2019. Haven er gr\u00f8n, men endnu ikke s\u00e5 frodig. Vi har haft en del problemer med at holde \u00e6nderne ind, og de spiser<a class=\"moretag\" href=\"http:\/\/permahave.dk\/?page_id=202\"><span class=\"screen-reader-text\">L\u00e6s mere om2019<\/span>[&#8230;]<\/a><\/p>\n","protected":false},"author":1,"featured_media":203,"parent":0,"menu_order":1,"comment_status":"closed","ping_status":"closed","template":"","meta":[],"_links":{"self":[{"href":"http:\/\/permahave.dk\/index.php?rest_route=\/wp\/v2\/pages\/202"}],"collection":[{"href":"http:\/\/permahave.dk\/index.php?rest_route=\/wp\/v2\/pages"}],"about":[{"href":"http:\/\/permahave.dk\/index.php?rest_route=\/wp\/v2\/types\/page"}],"author":[{"embeddable":true,"href":"http:\/\/permahave.dk\/index.php?rest_route=\/wp\/v2\/users\/1"}],"replies":[{"embeddable":true,"href":"http:\/\/permahave.dk\/index.php?rest_route=%2Fwp%2Fv2%2Fcomments&post=202"}],"version-history":[{"count":5,"href":"http:\/\/permahave.dk\/index.php?rest_route=\/wp\/v2\/pages\/202\/revisions"}],"predecessor-version":[{"id":208,"href":"http:\/\/permahave.dk\/index.php?rest_route=\/wp\/v2\/pages\/202\/revisions\/208"}],"wp:featuredmedia":[{"embeddable":true,"href":"http:\/\/permahave.dk\/index.php?rest_route=\/wp\/v2\/media\/203"}],"wp:attachment":[{"href":"http:\/\/permahave.dk\/index.php?rest_route=%2Fwp%2Fv2%2Fmedia&parent=202"}],"curies":[{"name":"wp","href":"https:\/\/api.w.org\/{rel}","templated":true}]}}